{"id":1626,"date":"2024-01-08T09:20:48","date_gmt":"2024-01-08T09:20:48","guid":{"rendered":"https:\/\/exvisits.com\/?page_id=1626"},"modified":"2024-01-08T09:22:52","modified_gmt":"2024-01-08T09:22:52","slug":"quienes-somos","status":"publish","type":"page","link":"https:\/\/exvisits.com\/index.php\/es\/quienes-somos\/","title":{"rendered":"Qui\u00e9nes somos"},"content":{"rendered":"<section class=\"wpb-content-wrapper\"><p>[vc_row full_width=&#8221;stretch_row_content_no_spaces&#8221; css=&#8221;.vc_custom_1557914366672{padding-top: 150px !important;padding-bottom: 150px !important;background-image: url(https:\/\/themes.themeenergy.com\/bookyourtravel\/travel-tours\/wp-content\/sample_media\/sites\/26\/2019\/05\/people1.jpg?id=390) !important;background-position: center !important;background-repeat: no-repeat !important;background-size: cover !important;}&#8221;][vc_column][\/vc_column][\/vc_row][vc_row css=&#8221;.vc_custom_1557914445778{background-color: #ffffff !important;}&#8221;][vc_column width=&#8221;1\/6&#8243;][\/vc_column][vc_column width=&#8221;2\/3&#8243;][vc_column_text css=&#8221;.vc_custom_1704702101015{padding-top: 15px !important;}&#8221;]<\/p>\n<h1><span style=\"color: #ff3a00;\"><strong>Qui\u00e9nes somos<\/strong><\/span><\/h1>\n<h4><span style=\"color: #000000;\">Est\u00e1s ahora en el sitio web de la agencia m\u00e1s profesional en El Medio Oriental que te ofrece tours excepcionales acompa\u00f1ados con gu\u00edas que hablan espa\u00f1ol, Ingl\u00e9s , Italiano o portugu\u00e9s para explorar Egipto, Dubai, Jordania, Maruecos y Turqu\u00eda con tours personalizados especialmente para ti !<\/span><\/h4>\n<h4><span style=\"color: #000000;\">Siempre estaremos atentos a t\u00ed.<\/span><\/h4>\n<h1><span style=\"color: #ff3a00;\"><strong>\u00bfPor qu\u00e9 viajar con nosotros?<\/strong><\/span><\/h1>\n<ul>\n<li><span style=\"color: #000000;\">Pol\u00edtica de cancelaci\u00f3n 24 horas<\/span><\/li>\n<li><span style=\"color: #000000;\">La garant\u00eda de precio m\u00e1s baja<\/span><\/li>\n<li><span style=\"color: #000000;\">Millones de opiniones de clientes<\/span><\/li>\n<li><span style=\"color: #000000;\">Atenci\u00f3n al cliente multiling\u00fce 24\/7<\/span><\/li>\n<\/ul>\n<p>[\/vc_column_text][\/vc_column][vc_column width=&#8221;1\/6&#8243;][\/vc_column][\/vc_row]<\/p>\n<\/section>","protected":false},"excerpt":{"rendered":"<p>[vc_row full_width=&#8221;stretch_row_content_no_spaces&#8221; css=&#8221;.vc_custom_1557914366672{padding-top: 150px !important;padding-bottom: 150px !important;background-image: url(https:\/\/themes.themeenergy.com\/bookyourtravel\/travel-tours\/wp-content\/sample_media\/sites\/26\/2019\/05\/people1.jpg?id=390) !important;background-position: center !important;background-repeat: no-repeat !important;background-size: cover !important;}&#8221;][vc_column][\/vc_column][\/vc_row][vc_row css=&#8221;.vc_custom_1557914445778{background-color: #ffffff !important;}&#8221;][vc_column width=&#8221;1\/6&#8243;][\/vc_column][vc_column width=&#8221;2\/3&#8243;][vc_column_text css=&#8221;.vc_custom_1704702101015{padding-top: 15px !important;}&#8221;] Qui\u00e9nes somos Est\u00e1s ahora en el sitio web de la agencia m\u00e1s profesional en El Medio Oriental que te ofrece tours excepcionales acompa\u00f1ados con gu\u00edas que hablan espa\u00f1ol, Ingl\u00e9s , Italiano o [&hellip;]<\/p>\n","protected":false},"author":1,"featured_media":0,"parent":0,"menu_order":0,"comment_status":"closed","ping_status":"closed","template":"page-blank.php","meta":{"_acf_changed":false,"_monsterinsights_skip_tracking":false,"_monsterinsights_sitenote_active":false,"_monsterinsights_sitenote_note":"","_monsterinsights_sitenote_category":0,"footnotes":""},"class_list":["post-1626","page","type-page","status-publish","hentry"],"acf":[],"aioseo_notices":[],"_links":{"self":[{"href":"https:\/\/exvisits.com\/index.php\/wp-json\/wp\/v2\/pages\/1626","targetHints":{"allow":["GET"]}}],"collection":[{"href":"https:\/\/exvisits.com\/index.php\/wp-json\/wp\/v2\/pages"}],"about":[{"href":"https:\/\/exvisits.com\/index.php\/wp-json\/wp\/v2\/types\/page"}],"author":[{"embeddable":true,"href":"https:\/\/exvisits.com\/index.php\/wp-json\/wp\/v2\/users\/1"}],"replies":[{"embeddable":true,"href":"https:\/\/exvisits.com\/index.php\/wp-json\/wp\/v2\/comments?post=1626"}],"version-history":[{"count":3,"href":"https:\/\/exvisits.com\/index.php\/wp-json\/wp\/v2\/pages\/1626\/revisions"}],"predecessor-version":[{"id":1629,"href":"https:\/\/exvisits.com\/index.php\/wp-json\/wp\/v2\/pages\/1626\/revisions\/1629"}],"wp:attachment":[{"href":"https:\/\/exvisits.com\/index.php\/wp-json\/wp\/v2\/media?parent=1626"}],"curies":[{"name":"wp","href":"https:\/\/api.w.org\/{rel}","templated":true}]}}